{"id":583,"date":"2017-01-17T16:05:52","date_gmt":"2017-01-17T15:05:52","guid":{"rendered":"http:\/\/www.advintage.de\/?page_id=583"},"modified":"2026-01-02T17:24:57","modified_gmt":"2026-01-02T16:24:57","slug":"home","status":"publish","type":"page","link":"https:\/\/www.advintage.de\/","title":{"rendered":"Home"},"content":{"rendered":"<p align=\"justify\"><img loading=\"lazy\" decoding=\"async\" class=\"aligncenter wp-image-8916 size-full\" src=\"https:\/\/www.advintage.de\/wp-content\/uploads\/2025\/04\/mainshop1aa.jpg\" alt=\"\" width=\"2500\" height=\"754\" srcset=\"https:\/\/www.advintage.de\/wp-content\/uploads\/2025\/04\/mainshop1aa.jpg 2500w, https:\/\/www.advintage.de\/wp-content\/uploads\/2025\/04\/mainshop1aa-300x90.jpg 300w, https:\/\/www.advintage.de\/wp-content\/uploads\/2025\/04\/mainshop1aa-700x211.jpg 700w, https:\/\/www.advintage.de\/wp-content\/uploads\/2025\/04\/mainshop1aa-768x232.jpg 768w, https:\/\/www.advintage.de\/wp-content\/uploads\/2025\/04\/mainshop1aa-1536x463.jpg 1536w, https:\/\/www.advintage.de\/wp-content\/uploads\/2025\/04\/mainshop1aa-2048x618.jpg 2048w\" sizes=\"auto, (max-width: 2500px) 100vw, 2500px\" \/><\/p>\n<p align=\"justify\">Herzlich willkommen bei adVintage Hats!<br \/>\nAls Hutmacher fertige ich seit 2009 H\u00fcte nach alter Tradition und Arbeitsweise,\u00a0 nur aus den besten Materialien und in 100% Handarbeit an. So entsteht eine Qualit\u00e4t, die Sie heutzutage in Hut- oder Bekleidungsgesch\u00e4ften nicht mehr finden k\u00f6nnen. Neben den beliebten Indy Fedora H\u00fcten fertige ich auch H\u00fcte auf Ihren Wunsch hin oder nach Fotovorlage an.\u00a0 Service und Kundenzufriedenheit stehen bei mir an erster Stelle, daher freue ich mich jederzeit \u00fcber Ihre Fragen und Anfragen.<\/p>\n<p align=\"justify\">Ihr<br \/>\nThomas Osygus<\/p>\n","protected":false},"excerpt":{"rendered":"<p>Herzlich willkommen bei adVintage Hats! Als Hutmacher fertige ich seit 2009 H\u00fcte nach alter Tradition und Arbeitsweise,\u00a0 nur aus den besten Materialien und in 100% Handarbeit an. So entsteht eine Qualit\u00e4t, die Sie heutzutage in Hut- oder Bekleidungsgesch\u00e4ften nicht mehr finden k\u00f6nnen. Neben den beliebten Indy Fedora H\u00fcten fertige ich auch H\u00fcte auf Ihren Wunsch [&hellip;]<\/p>\n","protected":false},"author":1,"featured_media":0,"parent":0,"menu_order":0,"comment_status":"closed","ping_status":"closed","template":"","meta":{"footnotes":""},"class_list":["post-583","page","type-page","status-publish","hentry","entry"],"_links":{"self":[{"href":"https:\/\/www.advintage.de\/index.php\/wp-json\/wp\/v2\/pages\/583","targetHints":{"allow":["GET"]}}],"collection":[{"href":"https:\/\/www.advintage.de\/index.php\/wp-json\/wp\/v2\/pages"}],"about":[{"href":"https:\/\/www.advintage.de\/index.php\/wp-json\/wp\/v2\/types\/page"}],"author":[{"embeddable":true,"href":"https:\/\/www.advintage.de\/index.php\/wp-json\/wp\/v2\/users\/1"}],"replies":[{"embeddable":true,"href":"https:\/\/www.advintage.de\/index.php\/wp-json\/wp\/v2\/comments?post=583"}],"version-history":[{"count":63,"href":"https:\/\/www.advintage.de\/index.php\/wp-json\/wp\/v2\/pages\/583\/revisions"}],"predecessor-version":[{"id":9806,"href":"https:\/\/www.advintage.de\/index.php\/wp-json\/wp\/v2\/pages\/583\/revisions\/9806"}],"wp:attachment":[{"href":"https:\/\/www.advintage.de\/index.php\/wp-json\/wp\/v2\/media?parent=583"}],"curies":[{"name":"wp","href":"https:\/\/api.w.org\/{rel}","templated":true}]}}